{"id":1111,"date":"2022-08-14T11:36:12","date_gmt":"2022-08-14T09:36:12","guid":{"rendered":"https:\/\/terra-nova.earth\/verlag-meiga\/?post_type=product&#038;p=1111"},"modified":"2022-08-15T17:10:59","modified_gmt":"2022-08-15T15:10:59","slug":"onlinekurs-spirituelle-lebenspraxis","status":"publish","type":"product","link":"https:\/\/terra-nova.earth\/verlag-meiga\/produkt\/onlinekurs-spirituelle-lebenspraxis\/","title":{"rendered":"Onlinekurs &#8211; Spirituelle Lebenspraxis"},"content":{"rendered":"<div class=\"sc-crzoUp sc-dIsAE cYxVQi hBquDY\">\n<div class=\"sc-fyFmx ldqPME\">\n<p><b>In diesem Kurs<\/b> wirst du angeleitet, durch Kommunikation und Gebet in vertieften Kontakt mit dir selbst, mit deiner Umgebung und mit der Welt zu kommen \u2013 in deinem Inneren. Dieser Kontakt wird dir dabei helfen, deine authentische Verantwortung zu finden und anzunehmen.<\/p>\n<p><b>Gebet bedeutet Kommunikation mit der Quelle.<\/b> In Kommunikation mit etwas, das uns heilig ist, k\u00f6nnen wir herausfinden, wo eine Bitte, ein Dank, eine Frage, ein Wunsch wirklich \u201estimmen\u201c, also Resonanz erzeugen, oder wo wir unseren Wunsch noch einmal vertiefen oder ver\u00e4ndern sollten. Spirituelle Lebenspraxis braucht Erdung durch sozialen Kontakt und wahrheitsgem\u00e4\u00dfen Austausch mit anderen Menschen. Gebet kann auch unsere verborgenen und verdr\u00e4ngten Gedanken, W\u00fcnsche, Glaubenss\u00e4tze und Zweifel ans Licht bringen. Wir stellen auf diesem Weg fest, woran wir eigentlich glauben.<\/p>\n<p><b>Denn wir k\u00f6nnen gar nicht an nichts glauben. <\/b>Wenn wir an keinen Gott, keine Hoffnung, keine L\u00f6sung glauben, so ist auch das ein Glaube. Wir werden erfahren, dass das, was wir am tiefsten ersehnen, nicht nur ein privater Wunsch ist, sondern ein Wunsch des Ganzen.<\/p>\n<p>Und das Ganze hilft bei der Erf\u00fcllung.&nbsp;<\/p>\n<p><b>Der Kurs hilft dir, deinen unbewussten Glaubenss\u00e4tzen n\u00e4her auf die Spur kommen.<\/b><\/p>\n<\/div>\n<\/div>\n<p><strong>Zum Inhalt:<\/strong><\/p>\n<p class=\"sc-jlZIZy hgPewO\"><strong>F\u00fcr wen ist dieser Kurs?<\/strong><\/p>\n<div class=\"sc-dTSxUT dLICLk\">\n<p>F\u00fcr Menschen, die die Heilkr\u00e4fte des Lebens erforschen und erfahren wollen. F\u00fcr Menschen, die innere und \u00e4u\u00dfere Friedensarbeit verbinden wollen.<\/p>\n<\/div>\n<p class=\"sc-jlZIZy hgPewO\"><strong>Was erwartet dich?<\/strong><\/p>\n<div class=\"sc-dTSxUT dLICLk\">\n<p>Das Seminar besteht aus Lehreinheiten, praktischen \u00dcbungen und Meditationen. Es f\u00fchrt dich ein in die tiefe Friedensarbeit von Sabine Lichtenfels. In dem Seminar wirst du die Grundlagen der Gebetsforschung kennenlernen, studieren und ausprobieren. Gebet \u2013 das hei\u00dft Kommunikation mit allen Bewusstseinskr\u00e4ften.<\/p>\n<\/div>\n<p><strong>Kursaufbau<\/strong><\/p>\n<p>Der Kurs hat drei Module, er kann jederzeit gebucht, nach eigener Regie absolviert und immer wieder wiederholt werden. Wir haben zwei Preise: einen Basis- und einen F\u00f6rderpreis, bitte w\u00e4hle selbst. Im F\u00f6rderpreis ist zus\u00e4tzlich eine gedruckte Ausgabe von \u201e<a href=\"https:\/\/de.verlag-meiga.org\/product\/quellen-der-liebe-und-des-friedens\/\">Quellen der Liebe<\/a>\u201c enthalten, das wir dir nach Hause senden. (Kostenlos innerhalb von Deutschland, in der Schweiz und \u00d6sterreich kommen Portokosten hinzu.)<br \/>\nZu den Live-Webinaren kannst du dich online zuschalten.&nbsp;<br \/>\nDu kannst den Kurs alleine, mit deinem Partner oder Partnerin oder in einer Gruppe studieren. Wenn mehrere Menschen \u00fcber einen Account arbeiten, bitten wir dich darum, freiwillig den F\u00f6rderkreis zu zahlen und um eine zus\u00e4tzliche Spende nach Selbsteinsch\u00e4tzung.&nbsp;<\/p>\n<p>Bitte melde dich mit Fragen zum Kurs bei: <a class=\"mail-link\" href=\"mailto:onlinekurse@terra-nova.earth\" data-enc-email=\"bayvarxhefr[at]green-abin.rnegu\" data-wpel-link=\"ignore\"><span id=\"eeb-958670-271747\">onlinekurse@terra-nova.earth<\/span><\/a><\/p>\n","protected":false},"excerpt":{"rendered":"<p>In diesem Kurs wirst du angeleitet, durch Kommunikation und Gebet in vertieften Kontakt mit dir selbst, mit deiner Umgebung und mit der Welt zu kommen \u2013 in deinem Inneren. Dieser Kontakt wird dir dabei helfen, deine authentische Verantwortung zu finden und anzunehmen. Gebet bedeutet Kommunikation mit der Quelle. In Kommunikation &hellip;<\/p>\n","protected":false},"featured_media":1114,"template":"","meta":[],"product_cat":[38,90],"product_tag":[],"tn_author_cat":[],"tn_prinfos_cat":[],"class_list":{"0":"post-1111","1":"product","2":"type-product","3":"status-publish","4":"has-post-thumbnail","6":"product_cat-onlinekurse","7":"product_cat-kurs-7","9":"first","10":"instock","11":"taxable","12":"shipping-taxable","13":"product-type-grouped"},"_links":{"self":[{"href":"https:\/\/terra-nova.earth\/verlag-meiga\/wp-json\/wp\/v2\/product\/1111","targetHints":{"allow":["GET"]}}],"collection":[{"href":"https:\/\/terra-nova.earth\/verlag-meiga\/wp-json\/wp\/v2\/product"}],"about":[{"href":"https:\/\/terra-nova.earth\/verlag-meiga\/wp-json\/wp\/v2\/types\/product"}],"wp:featuredmedia":[{"embeddable":true,"href":"https:\/\/terra-nova.earth\/verlag-meiga\/wp-json\/wp\/v2\/media\/1114"}],"wp:attachment":[{"href":"https:\/\/terra-nova.earth\/verlag-meiga\/wp-json\/wp\/v2\/media?parent=1111"}],"wp:term":[{"taxonomy":"product_cat","embeddable":true,"href":"https:\/\/terra-nova.earth\/verlag-meiga\/wp-json\/wp\/v2\/product_cat?post=1111"},{"taxonomy":"product_tag","embeddable":true,"href":"https:\/\/terra-nova.earth\/verlag-meiga\/wp-json\/wp\/v2\/product_tag?post=1111"},{"taxonomy":"tn_author_cat","embeddable":true,"href":"https:\/\/terra-nova.earth\/verlag-meiga\/wp-json\/wp\/v2\/tn_author_cat?post=1111"},{"taxonomy":"tn_prinfos_cat","embeddable":true,"href":"https:\/\/terra-nova.earth\/verlag-meiga\/wp-json\/wp\/v2\/tn_prinfos_cat?post=1111"}],"curies":[{"name":"wp","href":"https:\/\/api.w.org\/{rel}","templated":true}]}}