{"id":1252,"date":"2023-07-19T16:55:54","date_gmt":"2023-07-19T14:55:54","guid":{"rendered":"https:\/\/terra-nova.earth\/verlag-meiga\/?post_type=product&#038;p=1252"},"modified":"2024-11-04T17:29:33","modified_gmt":"2024-11-04T16:29:33","slug":"onlinekurs-kontakt-zwischen-menschtier-natur-standardpreis","status":"publish","type":"product","link":"https:\/\/terra-nova.earth\/verlag-meiga\/produkt\/onlinekurs-kontakt-zwischen-menschtier-natur-standardpreis\/","title":{"rendered":"Onlinekurs &#8211; Kontakt zwischen Mensch,Tier &#038; Natur &#8211; Preis deiner Wahl\u00bb"},"content":{"rendered":"<p>In diesem Kurs erfahren wir, was es bedeutet, mit den Wesen der Natur zusammenzuleben, zu kommunizieren und zu kooperieren. <\/p>\n<p>Wie entsteht Friede mit der Natur? Wie kommen wir in einen vertrauensvollen Kontakt mit der Seele von Tieren, Pflanzen, mit Elementarwesen, mit Wasser? <\/p>\n<p>Wie kommen wir in die Lage, die F\u00fclle der Natur wahrzunehmen, sie zu pflegen, zu sch\u00fctzen und behutsam von ihr zu lernen? Was brauchen Tiere von uns? Wie gehen wir authentisch mit dem Leben um? Wie \u00fcberwinden wir unseren Ekel und Angst vor ungeliebten Tieren \u2013 wie z.B. Ratten? <\/p>\n<p>Gastgeberinnen sind Sabine Lichtenfels und Lee v.d. Bussche<\/p>\n<p>Mit 27 Videos, vielen Lektionen und Meditationen von Sabine Lichtenfels, Mitgliedern des Terra Deva Teams sowie Eike Braunroth, dem Finder der Methode der Kooperation mit der Natur.<\/p>\n<p>Mit \u00dcbungen zum Mitmachen und einem Begleitheft, ebenso den Zugriff auf bisherige Webinare zu diesem Thema.<\/p>\n<p>Zum Kurs geh\u00f6rt ein kostenloser Download des E-Buchs \u201eTempel der Liebe\u201c von Sabine Lichtenfels \u2013 bzw. beim Pferde- und L\u00f6wenpreis eine gedruckte Ausgabe \u201eTempel der Liebe\u201c.<\/p>\n","protected":false},"excerpt":{"rendered":"<p>In diesem Kurs erfahren wir, was es bedeutet, mit den Wesen der Natur zusammenzuleben, zu kommunizieren und zu kooperieren. Wie entsteht Friede mit der Natur? Wie kommen wir in einen vertrauensvollen Kontakt mit der Seele von Tieren, Pflanzen, mit Elementarwesen, mit Wasser? Wie kommen wir in die Lage, die F\u00fclle &hellip;<\/p>\n","protected":false},"featured_media":1251,"template":"","meta":[],"product_cat":[91],"product_tag":[],"tn_author_cat":[43],"tn_prinfos_cat":[],"class_list":{"0":"post-1252","1":"product","2":"type-product","3":"status-publish","4":"has-post-thumbnail","6":"product_cat-kurs-8","7":"tn_author_cat-sabine-lichtenfels","9":"first","10":"instock","11":"taxable","12":"shipping-taxable","13":"product-type-grouped"},"_links":{"self":[{"href":"https:\/\/terra-nova.earth\/verlag-meiga\/wp-json\/wp\/v2\/product\/1252","targetHints":{"allow":["GET"]}}],"collection":[{"href":"https:\/\/terra-nova.earth\/verlag-meiga\/wp-json\/wp\/v2\/product"}],"about":[{"href":"https:\/\/terra-nova.earth\/verlag-meiga\/wp-json\/wp\/v2\/types\/product"}],"wp:featuredmedia":[{"embeddable":true,"href":"https:\/\/terra-nova.earth\/verlag-meiga\/wp-json\/wp\/v2\/media\/1251"}],"wp:attachment":[{"href":"https:\/\/terra-nova.earth\/verlag-meiga\/wp-json\/wp\/v2\/media?parent=1252"}],"wp:term":[{"taxonomy":"product_cat","embeddable":true,"href":"https:\/\/terra-nova.earth\/verlag-meiga\/wp-json\/wp\/v2\/product_cat?post=1252"},{"taxonomy":"product_tag","embeddable":true,"href":"https:\/\/terra-nova.earth\/verlag-meiga\/wp-json\/wp\/v2\/product_tag?post=1252"},{"taxonomy":"tn_author_cat","embeddable":true,"href":"https:\/\/terra-nova.earth\/verlag-meiga\/wp-json\/wp\/v2\/tn_author_cat?post=1252"},{"taxonomy":"tn_prinfos_cat","embeddable":true,"href":"https:\/\/terra-nova.earth\/verlag-meiga\/wp-json\/wp\/v2\/tn_prinfos_cat?post=1252"}],"curies":[{"name":"wp","href":"https:\/\/api.w.org\/{rel}","templated":true}]}}