{"id":613,"date":"2022-05-04T13:55:27","date_gmt":"2022-05-04T11:55:27","guid":{"rendered":"https:\/\/terra-nova.earth\/verlag-meiga\/?post_type=product&#038;p=613"},"modified":"2022-05-12T14:53:50","modified_gmt":"2022-05-12T12:53:50","slug":"grace","status":"publish","type":"product","link":"https:\/\/terra-nova.earth\/verlag-meiga\/produkt\/grace\/","title":{"rendered":"Grace. Pilgerschaft f\u00fcr eine Zukunft ohne Krieg"},"content":{"rendered":"<div class=\"et_pb_column et_pb_column_1_2 et_pb_column_4 et_pb_css_mix_blend_mode_passthrough\">\n<div class=\"et_pb_module et_pb_text et_pb_text_0 et_pb_text_align_left et_pb_bg_layout_light\">\n<div class=\"et_pb_text_inner\">\n<div class=\"et_pb_column et_pb_column_1_2 et_pb_column_4 et_pb_css_mix_blend_mode_passthrough\">\n<div class=\"et_pb_module et_pb_text et_pb_text_0 et_pb_text_align_left et_pb_bg_layout_light\">\n<div class=\"et_pb_text_inner\">\n<div class=\"et_pb_column et_pb_column_1_2 et_pb_column_4 et_pb_css_mix_blend_mode_passthrough\">\n<blockquote><p><em>\u201cDiejenigen, die im Namen von GRACE unterwegs sind, kommen nicht, um zu richten, sondern sie kommen im Dienst der \u00d6ffnung, der Wahrnehmung und Unterst\u00fctzung. GRACE bringt die Verpflichtung mit sich, den Krieg nicht zu sch\u00fcren, sondern zu beenden, wo immer du bist.\u201d <\/em><\/p><\/blockquote>\n<p>Aufger\u00fcttelt vom drohenden Krieg gegen den Iran, mit der Frage, was ein einzelner Mensch tun kann, um kommende Kriege zu verhindern, entschlie\u00dft sich Sabine Lichtenfels zu einer Pilgerreise.<\/p>\n<p>Sie gibt ihren gesamten Besitz ab, geht weite Strecken zu Fu\u00df und ohne Geld. Ihr Motor ist die Entscheidung, im Inneren die Strukturen aufzusp\u00fcren und zu ver\u00e4ndern, die im \u00c4u\u00dferen zu Krieg und Gewalt f\u00fchren. Sie entdeckt dabei eine Kraft, die immer klarer und heller leuchtet: GRACE. Es ist eine Verbundenheit mit der Sch\u00f6pfung, eine ethische Orientierung, die sie bef\u00e4higt, immer genauer und vertrauensvoller ihrer inneren Stimme zu folgen. Sie besucht Friedensgruppen, nimmt Teil an Meditationen, h\u00e4lt Vortr\u00e4ge und nimmt sich Zeit, f\u00fcr die unterschiedlichsten Menschen, die sie unterwegs trifft. Ihre Reise f\u00fchrt sie von Deutschland \u00fcber die Schweiz, Italien, Griechenland nach Israel, Pal\u00e4stina. Hier leitet sie zusammen mit Benjamin von Mendelssohn eine 40-k\u00f6pfige Pilgergruppe von Israelis, Pal\u00e4stinensern und Internationalen drei Wochen lang durch die einzigartige Natur im Norden Israels, auf die andere Seite der Mauer in die besetzten Gebiete der Westbank, durch Fl\u00fcchtlingslager und eine j\u00fcdische Siedlung bis nach Jerusalem. Im Namen von \u201eGRACE\u201c kommt es zu Hilfsaktionen und ungew\u00f6hnlichen Begegnungen; Mauern der Angst und der Wut, die lange verschlossen waren, \u00f6ffnen sich.<br \/>\nMit gro\u00dfer weiblicher Autorit\u00e4t und Direktheit beschreibt eine Frau ihre Schritte gegen den Krieg. GRACE wirkt da, wo Menschen ganz zum Frieden und zur Selbstver\u00e4nderung entschlossen sind.<\/p>\n<blockquote><p><em>\u201eEs gibt eine Kraft, die st\u00e4rker ist als Regierungen und Armeen, denn sie ist beheimatet in den Herzen aller Menschen.\u201c<\/em><\/p><\/blockquote>\n<\/div>\n<\/div>\n<\/div>\n<\/div>\n<\/div>\n<\/div>\n<\/div>\n","protected":false},"excerpt":{"rendered":"<div class=\"woocommerce-product-details__short-description\">\n<div class=\"woocommerce-product-details__short-description\">\n<div class=\"et_pb_woopro_excerpt et_pb_module et_pb_woopro_excerpt_0 et_pb_text_align_left\">\n<div class=\"woocommerce-product-details__short-description\">\n<div class=\"et_pb_woopro_excerpt et_pb_module et_pb_woopro_excerpt_0 et_pb_text_align_left\">\n<div class=\"woocommerce-product-details__short-description\">\n<div class=\"et_pb_woopro_excerpt et_pb_module et_pb_woopro_excerpt_0 et_pb_text_align_left\">\n<div class=\"woocommerce-product-details__short-description\">\n<div class=\"et_pb_woopro_excerpt et_pb_module et_pb_woopro_excerpt_0 et_pb_text_align_left\">\n<div class=\"woocommerce-product-details__short-description\">\n<div class=\"et_pb_woopro_excerpt et_pb_module et_pb_woopro_excerpt_0 et_pb_text_align_left\">\n<div class=\"woocommerce-product-details__short-description\">\n<h4>von Sabine Lichtenfels<\/h4>\n<p>Das Buch ist der Erlebnisbericht einer engagierten Pilgerschaft auf der Suche nach der Kraft der Ver\u00e4nderung. Ein Antikriegsbuch und Lehrbuch f\u00fcr die Wiederaneignung einer spirituellen Friedenskraft und Frauenkraft.<\/p>\n<\/div>\n<\/div>\n<\/div>\n<\/div>\n<\/div>\n<\/div>\n<\/div>\n<\/div>\n<\/div>\n<\/div>\n<\/div>\n<\/div>\n","protected":false},"featured_media":614,"template":"","meta":[],"product_cat":[37],"product_tag":[],"tn_author_cat":[43],"tn_prinfos_cat":[72],"class_list":{"0":"post-613","1":"product","2":"type-product","3":"status-publish","4":"has-post-thumbnail","6":"product_cat-buecher-deutsch","7":"tn_author_cat-sabine-lichtenfels","8":"tn_prinfos_cat-grace","10":"first","11":"instock","12":"taxable","13":"shipping-taxable","14":"purchasable","15":"product-type-simple"},"_links":{"self":[{"href":"https:\/\/terra-nova.earth\/verlag-meiga\/wp-json\/wp\/v2\/product\/613","targetHints":{"allow":["GET"]}}],"collection":[{"href":"https:\/\/terra-nova.earth\/verlag-meiga\/wp-json\/wp\/v2\/product"}],"about":[{"href":"https:\/\/terra-nova.earth\/verlag-meiga\/wp-json\/wp\/v2\/types\/product"}],"wp:featuredmedia":[{"embeddable":true,"href":"https:\/\/terra-nova.earth\/verlag-meiga\/wp-json\/wp\/v2\/media\/614"}],"wp:attachment":[{"href":"https:\/\/terra-nova.earth\/verlag-meiga\/wp-json\/wp\/v2\/media?parent=613"}],"wp:term":[{"taxonomy":"product_cat","embeddable":true,"href":"https:\/\/terra-nova.earth\/verlag-meiga\/wp-json\/wp\/v2\/product_cat?post=613"},{"taxonomy":"product_tag","embeddable":true,"href":"https:\/\/terra-nova.earth\/verlag-meiga\/wp-json\/wp\/v2\/product_tag?post=613"},{"taxonomy":"tn_author_cat","embeddable":true,"href":"https:\/\/terra-nova.earth\/verlag-meiga\/wp-json\/wp\/v2\/tn_author_cat?post=613"},{"taxonomy":"tn_prinfos_cat","embeddable":true,"href":"https:\/\/terra-nova.earth\/verlag-meiga\/wp-json\/wp\/v2\/tn_prinfos_cat?post=613"}],"curies":[{"name":"wp","href":"https:\/\/api.w.org\/{rel}","templated":true}]}}