{"id":649,"date":"2022-05-04T14:47:00","date_gmt":"2022-05-04T12:47:00","guid":{"rendered":"https:\/\/terra-nova.earth\/verlag-meiga\/?post_type=product&#038;p=649"},"modified":"2022-05-11T16:44:40","modified_gmt":"2022-05-11T14:44:40","slug":"grundsteine-legen-fuer-eine-neue-zivilisation","status":"publish","type":"product","link":"https:\/\/terra-nova.earth\/verlag-meiga\/produkt\/grundsteine-legen-fuer-eine-neue-zivilisation\/","title":{"rendered":"Grundsteine legen f\u00fcr eine neue Zivilisation"},"content":{"rendered":"<div class=\"et_pb_column et_pb_column_1_2 et_pb_column_4 et_pb_css_mix_blend_mode_passthrough\">\n<div class=\"et_pb_module et_pb_text et_pb_text_0 et_pb_text_align_left et_pb_bg_layout_light\">\n<div class=\"et_pb_text_inner\">\n<div class=\"et_pb_column et_pb_column_1_2 et_pb_column_4 et_pb_css_mix_blend_mode_passthrough\">\n<div class=\"et_pb_module et_pb_text et_pb_text_0 et_pb_text_align_left et_pb_bg_layout_light\">\n<div class=\"et_pb_text_inner\">\n<div class=\"et_pb_column et_pb_column_1_2 et_pb_column_4 et_pb_css_mix_blend_mode_passthrough\">\n<div class=\"et_pb_column et_pb_column_1_2 et_pb_column_4 et_pb_css_mix_blend_mode_passthrough\">\n<div class=\"et_pb_module et_pb_text et_pb_text_0 et_pb_text_align_left et_pb_bg_layout_light\">\n<div class=\"et_pb_text_inner\">\n<div class=\"et_pb_column et_pb_column_1_2 et_pb_column_4 et_pb_css_mix_blend_mode_passthrough\">\n<div class=\"et_pb_module et_pb_text et_pb_text_0 et_pb_text_align_left et_pb_bg_layout_light\">\n<div class=\"et_pb_text_inner\">\n<div class=\"et_pb_column et_pb_column_1_2 et_pb_column_4 et_pb_css_mix_blend_mode_passthrough\">\n<div class=\"et_pb_module et_pb_text et_pb_text_0 et_pb_text_align_left et_pb_bg_layout_light\">\n<div class=\"et_pb_text_inner\">\n<div class=\"et_pb_column et_pb_column_1_2 et_pb_column_4 et_pb_css_mix_blend_mode_passthrough\">\n<div class=\"et_pb_module et_pb_text et_pb_text_0 et_pb_text_align_left et_pb_bg_layout_light\">\n<div class=\"et_pb_text_inner\">\n<div class=\"et_pb_column et_pb_column_1_2 et_pb_column_4 et_pb_css_mix_blend_mode_passthrough\">\n<div class=\"et_pb_module et_pb_text et_pb_text_0 et_pb_text_align_left et_pb_bg_layout_light\">\n<div class=\"et_pb_text_inner\">\n<p>Die Textsammlung beschreibt den geistigen Hintergrund des Projektes der Heilungsbiotope. Sie enth\u00e4lt zehn Studientexte von Vordenkern aus Tamera \u2013 Dieter Duhm, Sabine Lichtenfels, Bernd Walter M\u00fcller and Monika Alleweldt \u2013 zu Forschungsbereichen wie: \u201cTheorie der globalen Heilung\u201d, \u201cHeilung der Liebe\u201d, \u201cDas Wasser-Geheimnis\u201d, \u201cWirkung von Information\u201d.<\/p>\n<p>Wenn alle die Menschen, die weltweit gegen Unrecht und Zerst\u00f6rung auf die Stra\u00dfe gehen, eine Perspektive haben, wenn sie nicht nur wissen, wogegen, sondern auch wof\u00fcr sie k\u00e4mpfen \u2013 dann hat ihr Kampf eine Chance. Im Rahmen der Friedensausbildung von Tamera entstehen immer wieder Studientexte, die nicht nur auf einzelne Themen und L\u00f6sungen eingehen, sondern eine ganzheitliche Perspektive der globalen Revolution beschreiben. Diese theoretische Grundlagen wurden aus der lebendigen Erfahrung im Aufbau der Heilungsbiotope und eines globalen Friedensnetzwerkes geschrieben.<\/p>\n<p>Zehn Studientexte sind in diesem Band zusammengefasst. Zu unterschiedlichen Themen \u2013 Wasser, Liebe, Denken, globale Friedensarbeit \u2013 beschreiben die AutorInnen Wege, wie der \u00dcbergang in eine Welt ohne Angst und Gewalt aussehen k\u00f6nnte. Das Buch ist f\u00fcr alle gedacht, die f\u00fcr ihr Engagement f\u00fcr eine bessere Welt umfassende, inspirierende und \u00fcberzeugende Ideen und L\u00f6sungen suchen. Es wurde herausgegeben von Martin Winiecki, Koordinator des Instituts f\u00fcr Globale Friedensarbeit (IGF).<\/p>\n<\/div>\n<\/div>\n<\/div>\n<\/div>\n<\/div>\n<\/div>\n<\/div>\n<\/div>\n<\/div>\n<\/div>\n<\/div>\n<\/div>\n<\/div>\n<\/div>\n<\/div>\n<\/div>\n<\/div>\n<\/div>\n<\/div>\n<\/div>\n<\/div>\n<\/div>\n","protected":false},"excerpt":{"rendered":"<div class=\"woocommerce-product-details__short-description\">\n<div class=\"woocommerce-product-details__short-description\">\n<div class=\"et_pb_woopro_excerpt et_pb_module et_pb_woopro_excerpt_0 et_pb_text_align_left\">\n<div class=\"woocommerce-product-details__short-description\">\n<div class=\"et_pb_woopro_excerpt et_pb_module et_pb_woopro_excerpt_0 et_pb_text_align_left\">\n<div class=\"woocommerce-product-details__short-description\">\n<div class=\"et_pb_woopro_excerpt et_pb_module et_pb_woopro_excerpt_0 et_pb_text_align_left\">\n<div class=\"woocommerce-product-details__short-description\">\n<div class=\"et_pb_woopro_excerpt et_pb_module et_pb_woopro_excerpt_0 et_pb_text_align_left\">\n<div class=\"woocommerce-product-details__short-description\">\n<div class=\"et_pb_woopro_excerpt et_pb_module et_pb_woopro_excerpt_0 et_pb_text_align_left\">\n<div class=\"woocommerce-product-details__short-description\">\n<div class=\"et_pb_woopro_excerpt et_pb_module et_pb_woopro_excerpt_0 et_pb_text_align_left\">\n<div class=\"woocommerce-product-details__short-description\">\n<div class=\"et_pb_woopro_excerpt et_pb_module et_pb_woopro_excerpt_0 et_pb_text_align_left\">\n<div class=\"woocommerce-product-details__short-description\">\n<div class=\"et_pb_woopro_excerpt et_pb_module et_pb_woopro_excerpt_0 et_pb_text_align_left\">\n<div class=\"woocommerce-product-details__short-description\">\n<div class=\"et_pb_woopro_excerpt et_pb_module et_pb_woopro_excerpt_0 et_pb_text_align_left\">\n<div class=\"woocommerce-product-details__short-description\">\n<div class=\"et_pb_woopro_excerpt et_pb_module et_pb_woopro_excerpt_0 et_pb_text_align_left\">\n<div class=\"woocommerce-product-details__short-description\">\n<div class=\"et_pb_woopro_excerpt et_pb_module et_pb_woopro_excerpt_0 et_pb_text_align_left\">\n<div class=\"woocommerce-product-details__short-description\">\n<div class=\"et_pb_woopro_excerpt et_pb_module et_pb_woopro_excerpt_0 et_pb_text_align_left\">\n<div class=\"woocommerce-product-details__short-description\">\n<div class=\"et_pb_woopro_excerpt et_pb_module et_pb_woopro_excerpt_0 et_pb_text_align_left\">\n<div class=\"woocommerce-product-details__short-description\">\n<h4>von Martin Winiecki (Hrsg.) <em><br \/>\n<\/em><\/h4>\n<p>Das Buch enth\u00e4lt aktuelle Beitr\u00e4ge aus dem Friedensforschungszentrum Tamera zu den Themen \u201cWissenschaft der Transformation\u201d, \u201cHeilung der Liebe\u201d und \u201cMaterielle Lebensbedingungen f\u00fcr eine humane Zukunftskultur\u201d.<\/p>\n<\/div>\n<\/div>\n<\/div>\n<\/div>\n<\/div>\n<\/div>\n<\/div>\n<\/div>\n<\/div>\n<\/div>\n<\/div>\n<\/div>\n<\/div>\n<\/div>\n<\/div>\n<\/div>\n<\/div>\n<\/div>\n<\/div>\n<\/div>\n<\/div>\n<\/div>\n<\/div>\n<\/div>\n<\/div>\n<\/div>\n<\/div>\n<\/div>\n","protected":false},"featured_media":650,"template":"","meta":[],"product_cat":[37],"product_tag":[],"tn_author_cat":[45],"tn_prinfos_cat":[74],"class_list":{"0":"post-649","1":"product","2":"type-product","3":"status-publish","4":"has-post-thumbnail","6":"product_cat-buecher-deutsch","7":"tn_author_cat-martin-winiecki","8":"tn_prinfos_cat-grundsteine-legen","10":"first","11":"instock","12":"taxable","13":"shipping-taxable","14":"purchasable","15":"product-type-simple"},"_links":{"self":[{"href":"https:\/\/terra-nova.earth\/verlag-meiga\/wp-json\/wp\/v2\/product\/649","targetHints":{"allow":["GET"]}}],"collection":[{"href":"https:\/\/terra-nova.earth\/verlag-meiga\/wp-json\/wp\/v2\/product"}],"about":[{"href":"https:\/\/terra-nova.earth\/verlag-meiga\/wp-json\/wp\/v2\/types\/product"}],"wp:featuredmedia":[{"embeddable":true,"href":"https:\/\/terra-nova.earth\/verlag-meiga\/wp-json\/wp\/v2\/media\/650"}],"wp:attachment":[{"href":"https:\/\/terra-nova.earth\/verlag-meiga\/wp-json\/wp\/v2\/media?parent=649"}],"wp:term":[{"taxonomy":"product_cat","embeddable":true,"href":"https:\/\/terra-nova.earth\/verlag-meiga\/wp-json\/wp\/v2\/product_cat?post=649"},{"taxonomy":"product_tag","embeddable":true,"href":"https:\/\/terra-nova.earth\/verlag-meiga\/wp-json\/wp\/v2\/product_tag?post=649"},{"taxonomy":"tn_author_cat","embeddable":true,"href":"https:\/\/terra-nova.earth\/verlag-meiga\/wp-json\/wp\/v2\/tn_author_cat?post=649"},{"taxonomy":"tn_prinfos_cat","embeddable":true,"href":"https:\/\/terra-nova.earth\/verlag-meiga\/wp-json\/wp\/v2\/tn_prinfos_cat?post=649"}],"curies":[{"name":"wp","href":"https:\/\/api.w.org\/{rel}","templated":true}]}}