{"id":651,"date":"2022-05-04T14:51:11","date_gmt":"2022-05-04T12:51:11","guid":{"rendered":"https:\/\/terra-nova.earth\/verlag-meiga\/?post_type=product&#038;p=651"},"modified":"2022-05-12T15:18:40","modified_gmt":"2022-05-12T13:18:40","slug":"tamera-ein-modell-fuer-die-zukunft","status":"publish","type":"product","link":"https:\/\/terra-nova.earth\/verlag-meiga\/produkt\/tamera-ein-modell-fuer-die-zukunft\/","title":{"rendered":"Tamera. Ein Modell f\u00fcr die Zukunft"},"content":{"rendered":"<div class=\"et_pb_column et_pb_column_1_2 et_pb_column_4 et_pb_css_mix_blend_mode_passthrough\">\n<div class=\"et_pb_module et_pb_text et_pb_text_0 et_pb_text_align_left et_pb_bg_layout_light\">\n<div class=\"et_pb_text_inner\">\n<div class=\"et_pb_column et_pb_column_1_2 et_pb_column_4 et_pb_css_mix_blend_mode_passthrough\">\n<div class=\"et_pb_module et_pb_text et_pb_text_0 et_pb_text_align_left et_pb_bg_layout_light\">\n<div class=\"et_pb_text_inner\">\n<div class=\"et_pb_column et_pb_column_1_2 et_pb_column_4 et_pb_css_mix_blend_mode_passthrough\">\n<div class=\"et_pb_column et_pb_column_1_2 et_pb_column_4 et_pb_css_mix_blend_mode_passthrough\">\n<div class=\"et_pb_module et_pb_text et_pb_text_0 et_pb_text_align_left et_pb_bg_layout_light\">\n<div class=\"et_pb_text_inner\">\n<div class=\"et_pb_column et_pb_column_1_2 et_pb_column_4 et_pb_css_mix_blend_mode_passthrough\">\n<div class=\"et_pb_module et_pb_text et_pb_text_0 et_pb_text_align_left et_pb_bg_layout_light\">\n<div class=\"et_pb_text_inner\">\n<div class=\"et_pb_column et_pb_column_1_2 et_pb_column_4 et_pb_css_mix_blend_mode_passthrough\">\n<div class=\"et_pb_module et_pb_text et_pb_text_0 et_pb_text_align_left et_pb_bg_layout_light\">\n<div class=\"et_pb_text_inner\">\n<div class=\"et_pb_column et_pb_column_1_2 et_pb_column_4 et_pb_css_mix_blend_mode_passthrough\">\n<div class=\"et_pb_module et_pb_text et_pb_text_0 et_pb_text_align_left et_pb_bg_layout_light\">\n<div class=\"et_pb_text_inner\">\n<div class=\"et_pb_column et_pb_column_1_2 et_pb_column_4 et_pb_css_mix_blend_mode_passthrough\">\n<div class=\"et_pb_module et_pb_text et_pb_text_0 et_pb_text_align_left et_pb_bg_layout_light\">\n<div class=\"et_pb_text_inner\">\n<blockquote><p><em>\u201eSonnenlicht ist die reinste Energiequelle. Wir tasten uns als Menschheit erst gerade vor, was wir mit konzentriertem Sonnenlicht tun ko\u0308nnen und welche technischen, ku\u0308nstlerischen und spirituellen M\u00f6glichkeiten sich daraus ergeben.\u201d<br \/>\n<\/em>Douglas Baillie, Physiker, Mitarbeiter im Technologie-Team von Tamera<\/p><\/blockquote>\n<p>Der reich bebilderte Band beschreibt den Aufbau des Zukunftsmodells Tamera in Portugal vor allem in den Bereichen Wasser, Energieautonomie, Friedensausbildung und Gemeinschaftsaufbau. Es ist eine kompakte Projektbeschreibung, die ihre Leser in ein Abenteuer unserer Zeit f\u00fchrt: die konkrete Umsetzung einer gro\u00dfen Friedensvision.<\/p>\n<p>Eine andere Welt ist nicht nur m\u00f6glich, es gibt sie bereits, zumindest an einigen Orten der Erde. Im S\u00fcden Portugals befindet sich eine konkrete Utopie im Aufbau: das Heilungsbiotop 1 Tamera, ein Friedensforschungszentrum und eine Gemeinschaft von \u00fcber 170 Menschen aller Altersstufen und verschiedener Nationalit\u00e4ten, gegr\u00fcndet vor \u00fcber 40 Jahren. Ihr Ziel ist es, ein gesellschaftliches Modell f\u00fcr eine Friedenskultur aufzubauen.<\/p>\n<p>Das Buch beschreibt diesen tiefen Systemwechsel und geht dabei besonders ausf\u00fchrlich auf die Erfahrungen im Aufbau einer Wasserretentionslandschaft ein; so wird sichtbar, dass auch eine von W\u00fcstenbildung bedrohte Region mit relativ einfachen Mitteln restauriert werden kann. Dazu kommen die Erfahrungen in dezentraler Energieautonomie, der Aufbau einer internationalen Schule, die Abteilung f\u00fcr spirituelle Forschung und Kooperation mit der Natur, sowie die Liebesschule und die ethischen Grundlagen der Gemeinschaft. Das Buch umfasst ebenso das globale Friedensnetzwerk wie die Einbettung in der Region und die Entstehungsgeschichte Tameras.<\/p>\n<\/div>\n<\/div>\n<\/div>\n<\/div>\n<\/div>\n<\/div>\n<\/div>\n<\/div>\n<\/div>\n<\/div>\n<\/div>\n<\/div>\n<\/div>\n<\/div>\n<\/div>\n<\/div>\n<\/div>\n<\/div>\n<\/div>\n<\/div>\n<\/div>\n<\/div>\n","protected":false},"excerpt":{"rendered":"<div class=\"woocommerce-product-details__short-description\">\n<div class=\"woocommerce-product-details__short-description\">\n<div class=\"et_pb_woopro_excerpt et_pb_module et_pb_woopro_excerpt_0 et_pb_text_align_left\">\n<div class=\"woocommerce-product-details__short-description\">\n<div class=\"et_pb_woopro_excerpt et_pb_module et_pb_woopro_excerpt_0 et_pb_text_align_left\">\n<div class=\"woocommerce-product-details__short-description\">\n<div class=\"et_pb_woopro_excerpt et_pb_module et_pb_woopro_excerpt_0 et_pb_text_align_left\">\n<div class=\"woocommerce-product-details__short-description\">\n<div class=\"et_pb_woopro_excerpt et_pb_module et_pb_woopro_excerpt_0 et_pb_text_align_left\">\n<div class=\"woocommerce-product-details__short-description\">\n<div class=\"et_pb_woopro_excerpt et_pb_module et_pb_woopro_excerpt_0 et_pb_text_align_left\">\n<div class=\"woocommerce-product-details__short-description\">\n<div class=\"et_pb_woopro_excerpt et_pb_module et_pb_woopro_excerpt_0 et_pb_text_align_left\">\n<div class=\"woocommerce-product-details__short-description\">\n<div class=\"et_pb_woopro_excerpt et_pb_module et_pb_woopro_excerpt_0 et_pb_text_align_left\">\n<div class=\"woocommerce-product-details__short-description\">\n<div class=\"et_pb_woopro_excerpt et_pb_module et_pb_woopro_excerpt_0 et_pb_text_align_left\">\n<div class=\"woocommerce-product-details__short-description\">\n<div class=\"et_pb_woopro_excerpt et_pb_module et_pb_woopro_excerpt_0 et_pb_text_align_left\">\n<div class=\"woocommerce-product-details__short-description\">\n<div class=\"et_pb_woopro_excerpt et_pb_module et_pb_woopro_excerpt_0 et_pb_text_align_left\">\n<div class=\"woocommerce-product-details__short-description\">\n<div class=\"et_pb_woopro_excerpt et_pb_module et_pb_woopro_excerpt_0 et_pb_text_align_left\">\n<div class=\"woocommerce-product-details__short-description\">\n<div class=\"et_pb_woopro_excerpt et_pb_module et_pb_woopro_excerpt_0 et_pb_text_align_left\">\n<div class=\"woocommerce-product-details__short-description\">\n<div class=\"et_pb_woopro_excerpt et_pb_module et_pb_woopro_excerpt_0 et_pb_text_align_left\">\n<div class=\"woocommerce-product-details__short-description\">\n<div class=\"et_pb_woopro_excerpt et_pb_module et_pb_woopro_excerpt_0 et_pb_text_align_left\">\n<div class=\"woocommerce-product-details__short-description\">\n<h4>Von Leila Dregger (Hrsg.)<\/h4>\n<p>Wenn wir Frieden auf der Erde wollen, m\u00fcssen wir eine Vorstellung davon gewinnen, was Frieden ist. 1978 begann ein Forscherteam damit, ein Modell f\u00fcr eine zuk\u00fcnftige Weltgesellschaft zu entwickeln, die auf Vertrauen und Kooperation beruht. Aus diesem Vorhaben entstand das Heilungsbiotop Tamera in Portugal mit seinem internationalen Netzwerk. Das vorliegende Buch gibt einen Einblick in den Stand der Arbeit dieses Projektes anhand dreier zentraler Bereiche: der Permakultur und Wasserlandschaft, der Solartechnologie und der Friedensausbildung.<\/p>\n<p>\u00dcberarbeitete Neuauflage<\/p>\n<\/div>\n<\/div>\n<\/div>\n<\/div>\n<\/div>\n<\/div>\n<\/div>\n<\/div>\n<\/div>\n<\/div>\n<\/div>\n<\/div>\n<\/div>\n<\/div>\n<\/div>\n<\/div>\n<\/div>\n<\/div>\n<\/div>\n<\/div>\n<\/div>\n<\/div>\n<\/div>\n<\/div>\n<\/div>\n<\/div>\n<\/div>\n<\/div>\n<\/div>\n<\/div>\n","protected":false},"featured_media":652,"template":"","meta":[],"product_cat":[37],"product_tag":[],"tn_author_cat":[],"tn_prinfos_cat":[68],"class_list":{"0":"post-651","1":"product","2":"type-product","3":"status-publish","4":"has-post-thumbnail","6":"product_cat-buecher-deutsch","7":"tn_prinfos_cat-tamera","9":"first","10":"instock","11":"taxable","12":"shipping-taxable","13":"purchasable","14":"product-type-simple"},"_links":{"self":[{"href":"https:\/\/terra-nova.earth\/verlag-meiga\/wp-json\/wp\/v2\/product\/651","targetHints":{"allow":["GET"]}}],"collection":[{"href":"https:\/\/terra-nova.earth\/verlag-meiga\/wp-json\/wp\/v2\/product"}],"about":[{"href":"https:\/\/terra-nova.earth\/verlag-meiga\/wp-json\/wp\/v2\/types\/product"}],"wp:featuredmedia":[{"embeddable":true,"href":"https:\/\/terra-nova.earth\/verlag-meiga\/wp-json\/wp\/v2\/media\/652"}],"wp:attachment":[{"href":"https:\/\/terra-nova.earth\/verlag-meiga\/wp-json\/wp\/v2\/media?parent=651"}],"wp:term":[{"taxonomy":"product_cat","embeddable":true,"href":"https:\/\/terra-nova.earth\/verlag-meiga\/wp-json\/wp\/v2\/product_cat?post=651"},{"taxonomy":"product_tag","embeddable":true,"href":"https:\/\/terra-nova.earth\/verlag-meiga\/wp-json\/wp\/v2\/product_tag?post=651"},{"taxonomy":"tn_author_cat","embeddable":true,"href":"https:\/\/terra-nova.earth\/verlag-meiga\/wp-json\/wp\/v2\/tn_author_cat?post=651"},{"taxonomy":"tn_prinfos_cat","embeddable":true,"href":"https:\/\/terra-nova.earth\/verlag-meiga\/wp-json\/wp\/v2\/tn_prinfos_cat?post=651"}],"curies":[{"name":"wp","href":"https:\/\/api.w.org\/{rel}","templated":true}]}}