{"id":659,"date":"2022-05-04T15:09:44","date_gmt":"2022-05-04T13:09:44","guid":{"rendered":"https:\/\/terra-nova.earth\/verlag-meiga\/?post_type=product&#038;p=659"},"modified":"2022-05-11T16:54:07","modified_gmt":"2022-05-11T14:54:07","slug":"rettet-den-sex","status":"publish","type":"product","link":"https:\/\/terra-nova.earth\/verlag-meiga\/produkt\/rettet-den-sex\/","title":{"rendered":"Rettet den Sex"},"content":{"rendered":"<div class=\"et_pb_column et_pb_column_1_2 et_pb_column_4 et_pb_css_mix_blend_mode_passthrough\">\n<div class=\"et_pb_module et_pb_text et_pb_text_0 et_pb_text_align_left et_pb_bg_layout_light\">\n<div class=\"et_pb_text_inner\">\n<div class=\"et_pb_column et_pb_column_1_2 et_pb_column_4 et_pb_css_mix_blend_mode_passthrough\">\n<div class=\"et_pb_module et_pb_text et_pb_text_0 et_pb_text_align_left et_pb_bg_layout_light\">\n<div class=\"et_pb_text_inner\">\n<div class=\"et_pb_column et_pb_column_1_2 et_pb_column_4 et_pb_css_mix_blend_mode_passthrough\">\n<div class=\"et_pb_column et_pb_column_1_2 et_pb_column_4 et_pb_css_mix_blend_mode_passthrough\">\n<div class=\"et_pb_module et_pb_text et_pb_text_0 et_pb_text_align_left et_pb_bg_layout_light\">\n<div class=\"et_pb_text_inner\">\n<div class=\"et_pb_column et_pb_column_1_2 et_pb_column_4 et_pb_css_mix_blend_mode_passthrough\">\n<div class=\"et_pb_module et_pb_text et_pb_text_0 et_pb_text_align_left et_pb_bg_layout_light\">\n<div class=\"et_pb_text_inner\">\n<div class=\"et_pb_column et_pb_column_1_2 et_pb_column_4 et_pb_css_mix_blend_mode_passthrough\">\n<div class=\"et_pb_module et_pb_text et_pb_text_0 et_pb_text_align_left et_pb_bg_layout_light\">\n<div class=\"et_pb_text_inner\">\n<div class=\"et_pb_column et_pb_column_1_2 et_pb_column_4 et_pb_css_mix_blend_mode_passthrough\">\n<div class=\"et_pb_module et_pb_text et_pb_text_0 et_pb_text_align_left et_pb_bg_layout_light\">\n<div class=\"et_pb_text_inner\">\n<div class=\"et_pb_column et_pb_column_1_2 et_pb_column_4 et_pb_css_mix_blend_mode_passthrough\">\n<div class=\"et_pb_module et_pb_text et_pb_text_0 et_pb_text_align_left et_pb_bg_layout_light\">\n<div class=\"et_pb_text_inner\">\n<div class=\"et_pb_column et_pb_column_1_2 et_pb_column_4 et_pb_css_mix_blend_mode_passthrough\">\n<div class=\"et_pb_module et_pb_text et_pb_text_0 et_pb_text_align_left et_pb_bg_layout_light\">\n<div class=\"et_pb_text_inner\">\n<blockquote><p><em>\u201cSexualit\u00e4t und Liebe sind nicht dasselbe, k\u00f6nnen es aber werden.\u201d<\/em><\/p><\/blockquote>\n<p>Dieses Buch will dazu beitragen, gesellschaftliche Voraussetzungen f\u00fcr ein Liebesleben herzustellen, das befreit ist von Angst, L\u00fcge und Verstellung. Die Frauen, die es geschrieben haben, haben das Drama der Zweierbezie\u00adhung oder Ehe durchlebt, sie kennen das Liebesleben als Allein\u00adlebende, als Partnerinnen oder als Gelieb\u00adte mehrerer M\u00e4nner. Manche von ihnen haben vor\u00fcbergehend sogar in Bordellen gearbeitet und aus allem ihre Richtung gefunden: ein Ja zur freien Sexuali\u00adt\u00e4t und ein Ja zu Liebe, Partnerschaft und dauerhaften Bezie\u00adhungen, vor allem aber eine neue Verantwortung diesem ganzen Thema gegen\u00fcber.<\/p>\n<p>Den Autorinnen geht es nicht nur um Sexualit\u00e4t im engeren Sinn. Sie sagen, wir k\u00f6nnen nicht ehrlich und verantwortlich \u00fcber Sex nachdenken, ohne dabei auch das ganze riesige Umfeld dieses Themas zu sehen: die Frage der Intimit\u00e4t und Partnerschaft, der Familie und Kinder, der Sehnsucht und Eifersucht, der Heimat und des Vertrauens.<\/p>\n<p>Wer dieses Buch liebt, wird merken, da\u00df es den Boden bereitet f\u00fcr ein angstfreies und infolgedessen gewaltfreies Leben. Die Autorinnen wollen dazu beitragen, diese Perspektiven zu verwirklichen. Im Namen der Liebe und im Namen einer lebenswerten Zukunft.cvcv<\/p>\n<\/div>\n<\/div>\n<\/div>\n<\/div>\n<\/div>\n<\/div>\n<\/div>\n<\/div>\n<\/div>\n<\/div>\n<\/div>\n<\/div>\n<\/div>\n<\/div>\n<\/div>\n<\/div>\n<\/div>\n<\/div>\n<\/div>\n<\/div>\n<\/div>\n<\/div>\n<\/div>\n<\/div>\n<\/div>\n","protected":false},"excerpt":{"rendered":"<div class=\"woocommerce-product-details__short-description\">\n<div class=\"woocommerce-product-details__short-description\">\n<div class=\"et_pb_woopro_excerpt et_pb_module et_pb_woopro_excerpt_0 et_pb_text_align_left\">\n<div class=\"woocommerce-product-details__short-description\">\n<div class=\"et_pb_woopro_excerpt et_pb_module et_pb_woopro_excerpt_0 et_pb_text_align_left\">\n<div class=\"woocommerce-product-details__short-description\">\n<div class=\"et_pb_woopro_excerpt et_pb_module et_pb_woopro_excerpt_0 et_pb_text_align_left\">\n<div class=\"woocommerce-product-details__short-description\">\n<div class=\"et_pb_woopro_excerpt et_pb_module et_pb_woopro_excerpt_0 et_pb_text_align_left\">\n<div class=\"woocommerce-product-details__short-description\">\n<div class=\"et_pb_woopro_excerpt et_pb_module et_pb_woopro_excerpt_0 et_pb_text_align_left\">\n<div class=\"woocommerce-product-details__short-description\">\n<div class=\"et_pb_woopro_excerpt et_pb_module et_pb_woopro_excerpt_0 et_pb_text_align_left\">\n<div class=\"woocommerce-product-details__short-description\">\n<div class=\"et_pb_woopro_excerpt et_pb_module et_pb_woopro_excerpt_0 et_pb_text_align_left\">\n<div class=\"woocommerce-product-details__short-description\">\n<div class=\"et_pb_woopro_excerpt et_pb_module et_pb_woopro_excerpt_0 et_pb_text_align_left\">\n<div class=\"woocommerce-product-details__short-description\">\n<div class=\"et_pb_woopro_excerpt et_pb_module et_pb_woopro_excerpt_0 et_pb_text_align_left\">\n<div class=\"woocommerce-product-details__short-description\">\n<div class=\"et_pb_woopro_excerpt et_pb_module et_pb_woopro_excerpt_0 et_pb_text_align_left\">\n<div class=\"woocommerce-product-details__short-description\">\n<div class=\"et_pb_woopro_excerpt et_pb_module et_pb_woopro_excerpt_0 et_pb_text_align_left\">\n<div class=\"woocommerce-product-details__short-description\">\n<div class=\"et_pb_woopro_excerpt et_pb_module et_pb_woopro_excerpt_0 et_pb_text_align_left\">\n<div class=\"woocommerce-product-details__short-description\">\n<div class=\"et_pb_woopro_excerpt et_pb_module et_pb_woopro_excerpt_0 et_pb_text_align_left\">\n<div class=\"woocommerce-product-details__short-description\">\n<div class=\"et_pb_woopro_excerpt et_pb_module et_pb_woopro_excerpt_0 et_pb_text_align_left\">\n<div class=\"woocommerce-product-details__short-description\">\n<div class=\"et_pb_woopro_excerpt et_pb_module et_pb_woopro_excerpt_0 et_pb_text_align_left\">\n<div class=\"woocommerce-product-details__short-description\">\n<h4>von Sabine Kleinhammes (Lichtenfels) (Hrsg.)<\/h4>\n<p>Das Buch wurde von acht Frauen geschrieben und ist eine Darstellung der sinn\u00adlichen Liebe jenseits von Feminismus, Chauvinismus und sonstigen Ideolo\u00adgien. Hier geht es um eine Wahrheit, die lange nicht ausgesprochen werden durfte.<\/p>\n<\/div>\n<\/div>\n<\/div>\n<\/div>\n<\/div>\n<\/div>\n<\/div>\n<\/div>\n<\/div>\n<\/div>\n<\/div>\n<\/div>\n<\/div>\n<\/div>\n<\/div>\n<\/div>\n<\/div>\n<\/div>\n<\/div>\n<\/div>\n<\/div>\n<\/div>\n<\/div>\n<\/div>\n<\/div>\n<\/div>\n<\/div>\n<\/div>\n<\/div>\n<\/div>\n<\/div>\n<\/div>\n","protected":false},"featured_media":660,"template":"","meta":[],"product_cat":[37],"product_tag":[],"tn_author_cat":[43],"tn_prinfos_cat":[84],"class_list":{"0":"post-659","1":"product","2":"type-product","3":"status-publish","4":"has-post-thumbnail","6":"product_cat-buecher-deutsch","7":"tn_author_cat-sabine-lichtenfels","8":"tn_prinfos_cat-rettet-den-sex","10":"first","11":"instock","12":"taxable","13":"shipping-taxable","14":"purchasable","15":"product-type-simple"},"_links":{"self":[{"href":"https:\/\/terra-nova.earth\/verlag-meiga\/wp-json\/wp\/v2\/product\/659","targetHints":{"allow":["GET"]}}],"collection":[{"href":"https:\/\/terra-nova.earth\/verlag-meiga\/wp-json\/wp\/v2\/product"}],"about":[{"href":"https:\/\/terra-nova.earth\/verlag-meiga\/wp-json\/wp\/v2\/types\/product"}],"wp:featuredmedia":[{"embeddable":true,"href":"https:\/\/terra-nova.earth\/verlag-meiga\/wp-json\/wp\/v2\/media\/660"}],"wp:attachment":[{"href":"https:\/\/terra-nova.earth\/verlag-meiga\/wp-json\/wp\/v2\/media?parent=659"}],"wp:term":[{"taxonomy":"product_cat","embeddable":true,"href":"https:\/\/terra-nova.earth\/verlag-meiga\/wp-json\/wp\/v2\/product_cat?post=659"},{"taxonomy":"product_tag","embeddable":true,"href":"https:\/\/terra-nova.earth\/verlag-meiga\/wp-json\/wp\/v2\/product_tag?post=659"},{"taxonomy":"tn_author_cat","embeddable":true,"href":"https:\/\/terra-nova.earth\/verlag-meiga\/wp-json\/wp\/v2\/tn_author_cat?post=659"},{"taxonomy":"tn_prinfos_cat","embeddable":true,"href":"https:\/\/terra-nova.earth\/verlag-meiga\/wp-json\/wp\/v2\/tn_prinfos_cat?post=659"}],"curies":[{"name":"wp","href":"https:\/\/api.w.org\/{rel}","templated":true}]}}