{"id":664,"date":"2022-05-04T15:16:20","date_gmt":"2022-05-04T13:16:20","guid":{"rendered":"https:\/\/terra-nova.earth\/verlag-meiga\/?post_type=product&#038;p=664"},"modified":"2022-05-11T16:58:13","modified_gmt":"2022-05-11T14:58:13","slug":"sommercamp-im-wilden-westen","status":"publish","type":"product","link":"https:\/\/terra-nova.earth\/verlag-meiga\/produkt\/sommercamp-im-wilden-westen\/","title":{"rendered":"Sommercamp im Wilden Westen"},"content":{"rendered":"<div class=\"et_pb_column et_pb_column_1_2 et_pb_column_4 et_pb_css_mix_blend_mode_passthrough\">\n<div class=\"et_pb_module et_pb_text et_pb_text_0 et_pb_text_align_left et_pb_bg_layout_light\">\n<div class=\"et_pb_text_inner\">\n<div class=\"et_pb_column et_pb_column_1_2 et_pb_column_4 et_pb_css_mix_blend_mode_passthrough\">\n<div class=\"et_pb_module et_pb_text et_pb_text_0 et_pb_text_align_left et_pb_bg_layout_light\">\n<div class=\"et_pb_text_inner\">\n<div class=\"et_pb_column et_pb_column_1_2 et_pb_column_4 et_pb_css_mix_blend_mode_passthrough\">\n<div class=\"et_pb_column et_pb_column_1_2 et_pb_column_4 et_pb_css_mix_blend_mode_passthrough\">\n<div class=\"et_pb_module et_pb_text et_pb_text_0 et_pb_text_align_left et_pb_bg_layout_light\">\n<div class=\"et_pb_text_inner\">\n<div class=\"et_pb_column et_pb_column_1_2 et_pb_column_4 et_pb_css_mix_blend_mode_passthrough\">\n<div class=\"et_pb_module et_pb_text et_pb_text_0 et_pb_text_align_left et_pb_bg_layout_light\">\n<div class=\"et_pb_text_inner\">\n<div class=\"et_pb_column et_pb_column_1_2 et_pb_column_4 et_pb_css_mix_blend_mode_passthrough\">\n<div class=\"et_pb_module et_pb_text et_pb_text_0 et_pb_text_align_left et_pb_bg_layout_light\">\n<div class=\"et_pb_text_inner\">\n<div class=\"et_pb_column et_pb_column_1_2 et_pb_column_4 et_pb_css_mix_blend_mode_passthrough\">\n<div class=\"et_pb_module et_pb_text et_pb_text_0 et_pb_text_align_left et_pb_bg_layout_light\">\n<div class=\"et_pb_text_inner\">\n<div class=\"et_pb_column et_pb_column_1_2 et_pb_column_4 et_pb_css_mix_blend_mode_passthrough\">\n<div class=\"et_pb_module et_pb_text et_pb_text_0 et_pb_text_align_left et_pb_bg_layout_light\">\n<div class=\"et_pb_text_inner\">\n<div class=\"et_pb_column et_pb_column_1_2 et_pb_column_4 et_pb_css_mix_blend_mode_passthrough\">\n<div class=\"et_pb_module et_pb_text et_pb_text_0 et_pb_text_align_left et_pb_bg_layout_light\">\n<div class=\"et_pb_text_inner\">\n<div class=\"et_pb_column et_pb_column_1_2 et_pb_column_4 et_pb_css_mix_blend_mode_passthrough\">\n<div class=\"et_pb_module et_pb_text et_pb_text_0 et_pb_text_align_left et_pb_bg_layout_light\">\n<div class=\"et_pb_text_inner\">\u201cLiebe ist unvermeidlich\u201d sollte eigentlich auch der Titel dieses Buches lauten, und es sollte eine Dokumentation \u00fcber den Verlauf und die Inhalte einer Sommeruniversit\u00e4t werden, einem Festival und Denkwerkstatt zu allen Fragen von Sex, Sinn und Zukunft. Es ging um freie Sexualit\u00e4t und Gewaltlosigkeit, um \u00d6kologie, Spiritualit\u00e4t und um ein Lebensmodell f\u00fcr die Zukunft, wo die innersten Themen des Menschen verbunden werden mit Strategien f\u00fcr eine neue Politik.<\/div>\n<\/div>\n<\/div>\n<\/div>\n<\/div>\n<\/div>\n<\/div>\n<\/div>\n<\/div>\n<\/div>\n<\/div>\n<\/div>\n<\/div>\n<\/div>\n<\/div>\n<\/div>\n<\/div>\n<\/div>\n<\/div>\n<\/div>\n<\/div>\n<\/div>\n<\/div>\n<\/div>\n<\/div>\n<\/div>\n<\/div>\n<\/div>\n","protected":false},"excerpt":{"rendered":"<div class=\"woocommerce-product-details__short-description\">\n<div class=\"woocommerce-product-details__short-description\">\n<div class=\"et_pb_woopro_excerpt et_pb_module et_pb_woopro_excerpt_0 et_pb_text_align_left\">\n<div class=\"woocommerce-product-details__short-description\">\n<div class=\"et_pb_woopro_excerpt et_pb_module et_pb_woopro_excerpt_0 et_pb_text_align_left\">\n<div class=\"woocommerce-product-details__short-description\">\n<div class=\"et_pb_woopro_excerpt et_pb_module et_pb_woopro_excerpt_0 et_pb_text_align_left\">\n<div class=\"woocommerce-product-details__short-description\">\n<div class=\"et_pb_woopro_excerpt et_pb_module et_pb_woopro_excerpt_0 et_pb_text_align_left\">\n<div class=\"woocommerce-product-details__short-description\">\n<div class=\"et_pb_woopro_excerpt et_pb_module et_pb_woopro_excerpt_0 et_pb_text_align_left\">\n<div class=\"woocommerce-product-details__short-description\">\n<div class=\"et_pb_woopro_excerpt et_pb_module et_pb_woopro_excerpt_0 et_pb_text_align_left\">\n<div class=\"woocommerce-product-details__short-description\">\n<div class=\"et_pb_woopro_excerpt et_pb_module et_pb_woopro_excerpt_0 et_pb_text_align_left\">\n<div class=\"woocommerce-product-details__short-description\">\n<div class=\"et_pb_woopro_excerpt et_pb_module et_pb_woopro_excerpt_0 et_pb_text_align_left\">\n<div class=\"woocommerce-product-details__short-description\">\n<div class=\"et_pb_woopro_excerpt et_pb_module et_pb_woopro_excerpt_0 et_pb_text_align_left\">\n<div class=\"woocommerce-product-details__short-description\">\n<div class=\"et_pb_woopro_excerpt et_pb_module et_pb_woopro_excerpt_0 et_pb_text_align_left\">\n<div class=\"woocommerce-product-details__short-description\">\n<div class=\"et_pb_woopro_excerpt et_pb_module et_pb_woopro_excerpt_0 et_pb_text_align_left\">\n<div class=\"woocommerce-product-details__short-description\">\n<div class=\"et_pb_woopro_excerpt et_pb_module et_pb_woopro_excerpt_0 et_pb_text_align_left\">\n<div class=\"woocommerce-product-details__short-description\">\n<div class=\"et_pb_woopro_excerpt et_pb_module et_pb_woopro_excerpt_0 et_pb_text_align_left\">\n<div class=\"woocommerce-product-details__short-description\">\n<div class=\"et_pb_woopro_excerpt et_pb_module et_pb_woopro_excerpt_0 et_pb_text_align_left\">\n<div class=\"woocommerce-product-details__short-description\">\n<div class=\"et_pb_woopro_excerpt et_pb_module et_pb_woopro_excerpt_0 et_pb_text_align_left\">\n<div class=\"woocommerce-product-details__short-description\">\n<div class=\"et_pb_woopro_excerpt et_pb_module et_pb_woopro_excerpt_0 et_pb_text_align_left\">\n<div class=\"woocommerce-product-details__short-description\">\n<div class=\"et_pb_woopro_excerpt et_pb_module et_pb_woopro_excerpt_0 et_pb_text_align_left\">\n<div class=\"woocommerce-product-details__short-description\">\n<div class=\"field field-type-text field-field-desc2\">\n<div class=\"field-items\">\n<div class=\"field-item odd\">\n<h4><strong>von Beate M\u00f6ller<br \/>\n<\/strong><\/h4>\n<p>Das Buch dokumentiert die Vortr\u00e4ge, Texte und Bilder einer 14-t\u00e4gigen Sommeruniversit\u00e4t: die Geschichte einer Veranstaltung zum Thema \u201cfreie Liebe\u201d, die von vielen gesellschaftlichen Seiten, von Medien und Politik bek\u00e4mpft wird<\/p>\n<\/div>\n<\/div>\n<\/div>\n<\/div>\n<\/div>\n<\/div>\n<\/div>\n<\/div>\n<\/div>\n<\/div>\n<\/div>\n<\/div>\n<\/div>\n<\/div>\n<\/div>\n<\/div>\n<\/div>\n<\/div>\n<\/div>\n<\/div>\n<\/div>\n<\/div>\n<\/div>\n<\/div>\n<\/div>\n<\/div>\n<\/div>\n<\/div>\n<\/div>\n<\/div>\n<\/div>\n<\/div>\n<\/div>\n<\/div>\n<\/div>\n<\/div>\n<\/div>\n<\/div>\n<\/div>\n","protected":false},"featured_media":665,"template":"","meta":[],"product_cat":[37],"product_tag":[],"tn_author_cat":[47],"tn_prinfos_cat":[85],"class_list":{"0":"post-664","1":"product","2":"type-product","3":"status-publish","4":"has-post-thumbnail","6":"product_cat-buecher-deutsch","7":"tn_author_cat-beate-moeller","8":"tn_prinfos_cat-sommercamp","10":"first","11":"instock","12":"taxable","13":"shipping-taxable","14":"purchasable","15":"product-type-simple"},"_links":{"self":[{"href":"https:\/\/terra-nova.earth\/verlag-meiga\/wp-json\/wp\/v2\/product\/664","targetHints":{"allow":["GET"]}}],"collection":[{"href":"https:\/\/terra-nova.earth\/verlag-meiga\/wp-json\/wp\/v2\/product"}],"about":[{"href":"https:\/\/terra-nova.earth\/verlag-meiga\/wp-json\/wp\/v2\/types\/product"}],"wp:featuredmedia":[{"embeddable":true,"href":"https:\/\/terra-nova.earth\/verlag-meiga\/wp-json\/wp\/v2\/media\/665"}],"wp:attachment":[{"href":"https:\/\/terra-nova.earth\/verlag-meiga\/wp-json\/wp\/v2\/media?parent=664"}],"wp:term":[{"taxonomy":"product_cat","embeddable":true,"href":"https:\/\/terra-nova.earth\/verlag-meiga\/wp-json\/wp\/v2\/product_cat?post=664"},{"taxonomy":"product_tag","embeddable":true,"href":"https:\/\/terra-nova.earth\/verlag-meiga\/wp-json\/wp\/v2\/product_tag?post=664"},{"taxonomy":"tn_author_cat","embeddable":true,"href":"https:\/\/terra-nova.earth\/verlag-meiga\/wp-json\/wp\/v2\/tn_author_cat?post=664"},{"taxonomy":"tn_prinfos_cat","embeddable":true,"href":"https:\/\/terra-nova.earth\/verlag-meiga\/wp-json\/wp\/v2\/tn_prinfos_cat?post=664"}],"curies":[{"name":"wp","href":"https:\/\/api.w.org\/{rel}","templated":true}]}}