{"id":893,"date":"2022-05-03T16:41:44","date_gmt":"2022-05-03T14:41:44","guid":{"rendered":"https:\/\/terra-nova.earth\/verlag-meiga\/?post_type=product&#038;p=893"},"modified":"2022-05-20T18:55:01","modified_gmt":"2022-05-20T16:55:01","slug":"die-heilige-matrix-von-der-matrix-der-gewalt-zur-matrix-des-lebens-e-book","status":"publish","type":"product","link":"https:\/\/terra-nova.earth\/verlag-meiga\/produkt\/die-heilige-matrix-von-der-matrix-der-gewalt-zur-matrix-des-lebens-e-book\/","title":{"rendered":"Die heilige Matrix &#8211; Von der Matrix der Gewalt zur Matrix des Lebens \u2013 E-Book"},"content":{"rendered":"<div class=\"et_pb_column et_pb_column_4_4 et_pb_column_3 et_pb_css_mix_blend_mode_passthrough et-last-child\">\n<div class=\"et_pb_woopro_description et_pb_module et_pb_woopro_description_0\">\n<blockquote><p><em>Ein ungeheures Unrecht geschieht zur Zeit auf der Erde. Viele, die sich dagegen auflehnen, sitzen in den Folterkellern von Milit\u00e4r, Polizei und Geheimdiensten. In diesem Moment sind es Hunderttausende von Menschen, welche dort die uns\u00e4glichsten Schmerzen erleiden. Trotzdem machen sie weiter. An diesem Ma\u00dfstab m\u00fcssen wir uns messen lassen, wenn heute von globaler Friedensarbeit die Rede ist. Werden die Schreie der Opfer weiterhin ungeh\u00f6rt verhallen \u2013 oder werden wir eine Welt erschaffen, wo es keine Opfer mehr gibt?<\/em><\/p><\/blockquote>\n<p>Mit diesen einleitenden Worten beginnt der Autor Dr. Dieter Duhm, Soziologe und Psychoanalytiker, sein im Jahr 2001 erschienenes Buch \u201eDie Heilige Matrix\u201c. Was danach folgt, sind 12 Kapitel Klartext zu der Frage, was zu tun ist, um die Globalisierung der Gewalt zu stoppen und eine Globalisierung des Friedens einzuleiten. Um zu einer fundierten Antwort zu kommen, werden alle Quellen menschlichen Wissens miteinbezogen, modernste Erkenntnisse aus Naturwissenschaft, Politik und Geschichte, aus Chaosforschung, Holographie, Religion oder \u00d6kologie. Das Ergebnis ist eine Offenbarung.<\/p>\n<p>Hier schreibt ein Mensch, der, um es mit den Worten des Philosophen Karl Jaspers zu sagen, \u201eurspr\u00fcnglich ersch\u00fcttert\u201c ist. Er h\u00e4lt sich nicht lange auf mit einer Analyse des Ist-Zustandes: \u201eIch verzichte auf eine Definition des B\u00f6sen. Wenn ich sehe, wie in Tschetschenien eine Zivilbev\u00f6lkerung zerbombt wird und wie man Handgranaten in die letzten Kellerh\u00f6hlen hineinwirft, in denen noch Kranke oder Greise leben k\u00f6nnten, dann brauche ich keine Definition des B\u00f6sen.\u201c<\/p>\n<p>Doch umso st\u00e4rker braucht und sucht er eine \u00fcberzeugende Antwort, wie der globale Wahnsinn der Gewalt, ob in Tschetschenien, oder Pal\u00e4stina, ob in Europa oder Lateinamerika, beendet werden k\u00f6nnte. Dazu mu\u00df er gewohntes Denken verlassen, Grenzen der Normalit\u00e4t \u00fcberwinden, durch authentische Erfahrungen in unbekanntes geistiges Terrain vordringen und hinschauen, was da wirklich ist: im Inneren, in den Zonen unserer intimsten menschlichen Sehns\u00fcchte, im \u00c4u\u00dferen, in der uns umgebenden Wirklichkeit und ihren universellen Strukturen, in unserer Vergangenheit, mit dem Aufkommen einer gewaltt\u00e4tigen, patriarchalen Epoche, in der Zukunft, in einer immer konkreteren Vision einer m\u00f6glichen planetarischen Friedenskultur.<br \/>\nWer oder was wird dar\u00fcber entscheiden, ob die Erde in einem planetarischen Holocaust enden wird oder wir eine Drehung zum Frieden bewirken k\u00f6nnen? \u201eDer archimedische Punkt\u201c, so lautet ein Kapitel und gleichzeitig die Essenz dieses Buches, \u201eist die Liebe.\u201c<\/p>\n<p>Eine humane Welt kann nur entstehen aus ge\u00f6ffneten Herzen.<\/p>\n<p>Doch wie l\u00e4\u00dft sich die Liebe verbinden mit politischer Durchsetzungskraft? Wodurch kann das Kr\u00e4fteverh\u00e4ltnis zwischen Gewalt und Frieden so ver\u00e4ndert werden, da\u00df das gesteckte Ziel einer gewaltfreien Erde erreichbar erscheint? In pr\u00e4zisen Denkschritten werden die geistigen F\u00e4den des Buches aufgenommen und zur \u201ePolitischen Theorie\u201c miteinander verkn\u00fcpft.<\/p>\n<p>Ein Weg wird nachvollziehbar, wie das scheinbar Unm\u00f6gliche m\u00f6glich werden k\u00f6nnte. Was hier geschrieben steht, ist High Tech f\u00fcr den Frieden.<\/p>\n<p>Der gro\u00dfe menschheitliche Traum vom Frieden k\u00f6nnte heute gelingen\u2026<\/p>\n<\/div>\n<\/div>\n","protected":false},"excerpt":{"rendered":"<div class=\"woocommerce-product-details__short-description\">\n<h4>von Dieter Duhm<\/h4>\n<p>Das Grundlagenwerk des Autors. Ausf\u00fchrlich werden Themen behandelt wie die Geschichte der Gewalt, die Heilung von Mensch und Natur, die universelle Daseinsweise, Kooperation mit der Natur, Sexualit\u00e4t, die Wirksamkeit des Gebets, Aufbau von Zukunftsgemeinschaften, politische Theorie als geistige Grundlage f\u00fcr einen globalern Friedensplan. Ein Kapitel ist der Entstehung und Entwicklung von Tamera gewidmet, dem von Dieter Duhm mit-begr\u00fcndeten Projekt f\u00fcr globale Friedensarbeit im S\u00fcden Portugals.<\/p>\n<\/div>\n","protected":false},"featured_media":894,"template":"","meta":[],"product_cat":[31],"product_tag":[],"tn_author_cat":[42],"tn_prinfos_cat":[60],"class_list":{"0":"post-893","1":"product","2":"type-product","3":"status-publish","4":"has-post-thumbnail","6":"product_cat-e-book-deutsch","7":"tn_author_cat-dieter-duhm","8":"tn_prinfos_cat-mehr-infos-zum-buch-2","10":"first","11":"instock","12":"downloadable","13":"virtual","14":"taxable","15":"purchasable","16":"product-type-simple"},"_links":{"self":[{"href":"https:\/\/terra-nova.earth\/verlag-meiga\/wp-json\/wp\/v2\/product\/893","targetHints":{"allow":["GET"]}}],"collection":[{"href":"https:\/\/terra-nova.earth\/verlag-meiga\/wp-json\/wp\/v2\/product"}],"about":[{"href":"https:\/\/terra-nova.earth\/verlag-meiga\/wp-json\/wp\/v2\/types\/product"}],"wp:featuredmedia":[{"embeddable":true,"href":"https:\/\/terra-nova.earth\/verlag-meiga\/wp-json\/wp\/v2\/media\/894"}],"wp:attachment":[{"href":"https:\/\/terra-nova.earth\/verlag-meiga\/wp-json\/wp\/v2\/media?parent=893"}],"wp:term":[{"taxonomy":"product_cat","embeddable":true,"href":"https:\/\/terra-nova.earth\/verlag-meiga\/wp-json\/wp\/v2\/product_cat?post=893"},{"taxonomy":"product_tag","embeddable":true,"href":"https:\/\/terra-nova.earth\/verlag-meiga\/wp-json\/wp\/v2\/product_tag?post=893"},{"taxonomy":"tn_author_cat","embeddable":true,"href":"https:\/\/terra-nova.earth\/verlag-meiga\/wp-json\/wp\/v2\/tn_author_cat?post=893"},{"taxonomy":"tn_prinfos_cat","embeddable":true,"href":"https:\/\/terra-nova.earth\/verlag-meiga\/wp-json\/wp\/v2\/tn_prinfos_cat?post=893"}],"curies":[{"name":"wp","href":"https:\/\/api.w.org\/{rel}","templated":true}]}}